{"id":11602,"date":"2025-10-28T14:25:38","date_gmt":"2025-10-28T12:25:38","guid":{"rendered":"https:\/\/www.profession.hu\/hrfeed\/?page_id=11602"},"modified":"2025-10-28T14:28:14","modified_gmt":"2025-10-28T12:28:14","slug":"salary-benchmark-2025-bank-biztositas-penzugy-kiadvany","status":"publish","type":"page","link":"https:\/\/www.profession.hu\/hrfeed\/salary-benchmark-2025-bank-biztositas-penzugy-kiadvany\/","title":{"rendered":"Salary Benchmark 2025 &#8211; Bank Biztos\u00edt\u00e1s P\u00e9nz\u00fcgy &#8211; Kiadv\u00e1ny"},"content":{"rendered":"<h1 style=\"text-align: left;\"><strong>Megjelent a Salary Benchmark 2025 &#8211; Bank Biztos\u00edt\u00e1s P\u00e9nz\u00fcgy kiadv\u00e1ny!<\/strong><\/h1>\n","protected":false},"excerpt":{"rendered":"<p>Megjelent a Salary Benchmark 2025 &#8211; Bank Biztos\u00edt\u00e1s P\u00e9nz\u00fcgy kiadv\u00e1ny!<\/p>\n","protected":false},"author":8,"featured_media":11605,"parent":0,"menu_order":0,"comment_status":"closed","ping_status":"closed","template":"page-whitepaper.php","meta":{"_acf_changed":false,"footnotes":""},"class_list":["post-11602","page","type-page","status-publish","has-post-thumbnail","hentry"],"acf":[],"yoast_head":"<!-- This site is optimized with the Yoast SEO plugin v25.1 - https:\/\/yoast.com\/wordpress\/plugins\/seo\/ -->\n<title>Salary Benchmark 2025 - Bank Biztos\u00edt\u00e1s P\u00e9nz\u00fcgy - Kiadv\u00e1ny - HR feed - powered by Profession<\/title>\n<meta name=\"robots\" content=\"index, follow, max-snippet:-1, max-image-preview:large, max-video-preview:-1\" \/>\n<link rel=\"canonical\" href=\"https:\/\/www.profession.hu\/hrfeed\/salary-benchmark-2025-bank-biztositas-penzugy-kiadvany\/\" \/>\n<meta property=\"og:locale\" content=\"hu_HU\" \/>\n<meta property=\"og:type\" content=\"article\" \/>\n<meta property=\"og:title\" content=\"Salary Benchmark 2025 - Bank Biztos\u00edt\u00e1s P\u00e9nz\u00fcgy - Kiadv\u00e1ny - HR feed - powered by Profession\" \/>\n<meta property=\"og:description\" content=\"Megjelent a Salary Benchmark 2025 &#8211; Bank Biztos\u00edt\u00e1s P\u00e9nz\u00fcgy kiadv\u00e1ny!\" \/>\n<meta property=\"og:url\" content=\"https:\/\/www.profession.hu\/hrfeed\/salary-benchmark-2025-bank-biztositas-penzugy-kiadvany\/\" \/>\n<meta property=\"og:site_name\" content=\"HR feed - powered by Profession\" \/>\n<meta property=\"article:publisher\" content=\"https:\/\/www.facebook.com\/profession.hrfeed\/\" \/>\n<meta property=\"article:modified_time\" content=\"2025-10-28T12:28:14+00:00\" \/>\n<meta property=\"og:image\" content=\"https:\/\/www.profession.hu\/hrfeed\/wp-content\/uploads\/2025\/10\/salary_benchmark_2025_back.webp\" \/>\n\t<meta property=\"og:image:width\" content=\"1600\" \/>\n\t<meta property=\"og:image:height\" content=\"1088\" \/>\n\t<meta property=\"og:image:type\" content=\"image\/webp\" \/>\n<meta name=\"twitter:card\" content=\"summary_large_image\" \/>\n<meta name=\"twitter:label1\" content=\"Becs\u00fclt olvas\u00e1si id\u0151\" \/>\n\t<meta name=\"twitter:data1\" content=\"1 perc\" \/>\n<script type=\"application\/ld+json\" class=\"yoast-schema-graph\">{\"@context\":\"https:\/\/schema.org\",\"@graph\":[{\"@type\":\"WebPage\",\"@id\":\"https:\/\/www.profession.hu\/hrfeed\/salary-benchmark-2025-bank-biztositas-penzugy-kiadvany\/\",\"url\":\"https:\/\/www.profession.hu\/hrfeed\/salary-benchmark-2025-bank-biztositas-penzugy-kiadvany\/\",\"name\":\"Salary Benchmark 2025 - Bank Biztos\u00edt\u00e1s P\u00e9nz\u00fcgy - Kiadv\u00e1ny - HR feed - powered by Profession\",\"isPartOf\":{\"@id\":\"https:\/\/www.profession.hu\/hrfeed\/#website\"},\"primaryImageOfPage\":{\"@id\":\"https:\/\/www.profession.hu\/hrfeed\/salary-benchmark-2025-bank-biztositas-penzugy-kiadvany\/#primaryimage\"},\"image\":{\"@id\":\"https:\/\/www.profession.hu\/hrfeed\/salary-benchmark-2025-bank-biztositas-penzugy-kiadvany\/#primaryimage\"},\"thumbnailUrl\":\"https:\/\/www.profession.hu\/hrfeed\/wp-content\/uploads\/2025\/10\/salary_benchmark_2025_back.webp\",\"datePublished\":\"2025-10-28T12:25:38+00:00\",\"dateModified\":\"2025-10-28T12:28:14+00:00\",\"inLanguage\":\"hu\",\"potentialAction\":[{\"@type\":\"ReadAction\",\"target\":[\"https:\/\/www.profession.hu\/hrfeed\/salary-benchmark-2025-bank-biztositas-penzugy-kiadvany\/\"]}]},{\"@type\":\"ImageObject\",\"inLanguage\":\"hu\",\"@id\":\"https:\/\/www.profession.hu\/hrfeed\/salary-benchmark-2025-bank-biztositas-penzugy-kiadvany\/#primaryimage\",\"url\":\"https:\/\/www.profession.hu\/hrfeed\/wp-content\/uploads\/2025\/10\/salary_benchmark_2025_back.webp\",\"contentUrl\":\"https:\/\/www.profession.hu\/hrfeed\/wp-content\/uploads\/2025\/10\/salary_benchmark_2025_back.webp\",\"width\":1600,\"height\":1088},{\"@type\":\"WebSite\",\"@id\":\"https:\/\/www.profession.hu\/hrfeed\/#website\",\"url\":\"https:\/\/www.profession.hu\/hrfeed\/\",\"name\":\"HR feed - powered by Profession\",\"description\":\"Szellemi felt\u00f6lt\u0151d\u00e9s HR-eseknek\",\"potentialAction\":[{\"@type\":\"SearchAction\",\"target\":{\"@type\":\"EntryPoint\",\"urlTemplate\":\"https:\/\/www.profession.hu\/hrfeed\/?s={search_term_string}\"},\"query-input\":{\"@type\":\"PropertyValueSpecification\",\"valueRequired\":true,\"valueName\":\"search_term_string\"}}],\"inLanguage\":\"hu\"}]}<\/script>\n<!-- \/ Yoast SEO plugin. -->","yoast_head_json":{"title":"Salary Benchmark 2025 - Bank Biztos\u00edt\u00e1s P\u00e9nz\u00fcgy - Kiadv\u00e1ny - HR feed - powered by Profession","robots":{"index":"index","follow":"follow","max-snippet":"max-snippet:-1","max-image-preview":"max-image-preview:large","max-video-preview":"max-video-preview:-1"},"canonical":"https:\/\/www.profession.hu\/hrfeed\/salary-benchmark-2025-bank-biztositas-penzugy-kiadvany\/","og_locale":"hu_HU","og_type":"article","og_title":"Salary Benchmark 2025 - Bank Biztos\u00edt\u00e1s P\u00e9nz\u00fcgy - Kiadv\u00e1ny - HR feed - powered by Profession","og_description":"Megjelent a Salary Benchmark 2025 &#8211; Bank Biztos\u00edt\u00e1s P\u00e9nz\u00fcgy kiadv\u00e1ny!","og_url":"https:\/\/www.profession.hu\/hrfeed\/salary-benchmark-2025-bank-biztositas-penzugy-kiadvany\/","og_site_name":"HR feed - powered by Profession","article_publisher":"https:\/\/www.facebook.com\/profession.hrfeed\/","article_modified_time":"2025-10-28T12:28:14+00:00","og_image":[{"width":1600,"height":1088,"url":"https:\/\/www.profession.hu\/hrfeed\/wp-content\/uploads\/2025\/10\/salary_benchmark_2025_back.webp","type":"image\/webp"}],"twitter_card":"summary_large_image","twitter_misc":{"Becs\u00fclt olvas\u00e1si id\u0151":"1 perc"},"schema":{"@context":"https:\/\/schema.org","@graph":[{"@type":"WebPage","@id":"https:\/\/www.profession.hu\/hrfeed\/salary-benchmark-2025-bank-biztositas-penzugy-kiadvany\/","url":"https:\/\/www.profession.hu\/hrfeed\/salary-benchmark-2025-bank-biztositas-penzugy-kiadvany\/","name":"Salary Benchmark 2025 - Bank Biztos\u00edt\u00e1s P\u00e9nz\u00fcgy - Kiadv\u00e1ny - HR feed - powered by Profession","isPartOf":{"@id":"https:\/\/www.profession.hu\/hrfeed\/#website"},"primaryImageOfPage":{"@id":"https:\/\/www.profession.hu\/hrfeed\/salary-benchmark-2025-bank-biztositas-penzugy-kiadvany\/#primaryimage"},"image":{"@id":"https:\/\/www.profession.hu\/hrfeed\/salary-benchmark-2025-bank-biztositas-penzugy-kiadvany\/#primaryimage"},"thumbnailUrl":"https:\/\/www.profession.hu\/hrfeed\/wp-content\/uploads\/2025\/10\/salary_benchmark_2025_back.webp","datePublished":"2025-10-28T12:25:38+00:00","dateModified":"2025-10-28T12:28:14+00:00","inLanguage":"hu","potentialAction":[{"@type":"ReadAction","target":["https:\/\/www.profession.hu\/hrfeed\/salary-benchmark-2025-bank-biztositas-penzugy-kiadvany\/"]}]},{"@type":"ImageObject","inLanguage":"hu","@id":"https:\/\/www.profession.hu\/hrfeed\/salary-benchmark-2025-bank-biztositas-penzugy-kiadvany\/#primaryimage","url":"https:\/\/www.profession.hu\/hrfeed\/wp-content\/uploads\/2025\/10\/salary_benchmark_2025_back.webp","contentUrl":"https:\/\/www.profession.hu\/hrfeed\/wp-content\/uploads\/2025\/10\/salary_benchmark_2025_back.webp","width":1600,"height":1088},{"@type":"WebSite","@id":"https:\/\/www.profession.hu\/hrfeed\/#website","url":"https:\/\/www.profession.hu\/hrfeed\/","name":"HR feed - powered by Profession","description":"Szellemi felt\u00f6lt\u0151d\u00e9s HR-eseknek","potentialAction":[{"@type":"SearchAction","target":{"@type":"EntryPoint","urlTemplate":"https:\/\/www.profession.hu\/hrfeed\/?s={search_term_string}"},"query-input":{"@type":"PropertyValueSpecification","valueRequired":true,"valueName":"search_term_string"}}],"inLanguage":"hu"}]}},"_links":{"self":[{"href":"https:\/\/www.profession.hu\/hrfeed\/wp-json\/wp\/v2\/pages\/11602","targetHints":{"allow":["GET"]}}],"collection":[{"href":"https:\/\/www.profession.hu\/hrfeed\/wp-json\/wp\/v2\/pages"}],"about":[{"href":"https:\/\/www.profession.hu\/hrfeed\/wp-json\/wp\/v2\/types\/page"}],"author":[{"embeddable":true,"href":"https:\/\/www.profession.hu\/hrfeed\/wp-json\/wp\/v2\/users\/8"}],"replies":[{"embeddable":true,"href":"https:\/\/www.profession.hu\/hrfeed\/wp-json\/wp\/v2\/comments?post=11602"}],"version-history":[{"count":2,"href":"https:\/\/www.profession.hu\/hrfeed\/wp-json\/wp\/v2\/pages\/11602\/revisions"}],"predecessor-version":[{"id":11608,"href":"https:\/\/www.profession.hu\/hrfeed\/wp-json\/wp\/v2\/pages\/11602\/revisions\/11608"}],"wp:featuredmedia":[{"embeddable":true,"href":"https:\/\/www.profession.hu\/hrfeed\/wp-json\/wp\/v2\/media\/11605"}],"wp:attachment":[{"href":"https:\/\/www.profession.hu\/hrfeed\/wp-json\/wp\/v2\/media?parent=11602"}],"curies":[{"name":"wp","href":"https:\/\/api.w.org\/{rel}","templated":true}]}}